{"id":4,"date":"2021-05-12T15:03:12","date_gmt":"2021-05-12T15:03:12","guid":{"rendered":"https:\/\/ib-bernauer.de\/?page_id=4"},"modified":"2022-03-21T11:41:31","modified_gmt":"2022-03-21T11:41:31","slug":"willkommen-auf-https-ib-bernauer-de","status":"publish","type":"page","link":"https:\/\/ib-bernauer.de\/?page_id=4","title":{"rendered":"Willkommen auf https:\/\/ib-bernauer.de"},"content":{"rendered":"\t\t<div data-elementor-type=\"wp-page\" data-elementor-id=\"4\" class=\"elementor elementor-4\">\n\t\t\t\t\t\t\t\t\t<section class=\"elementor-section elementor-top-section elementor-element elementor-element-79784571 elementor-section-boxed elementor-section-height-default elementor-section-height-default\" data-id=\"79784571\" data-element_type=\"section\">\n\t\t\t\t\t\t<div class=\"elementor-container elementor-column-gap-default\">\n\t\t\t\t\t<div class=\"elementor-column elementor-col-100 elementor-top-column elementor-element elementor-element-3ad71812\" data-id=\"3ad71812\" data-element_type=\"column\">\n\t\t\t<div class=\"elementor-widget-wrap elementor-element-populated\">\n\t\t\t\t\t\t\t\t<div class=\"elementor-element elementor-element-a7bfc73 elementor-widget elementor-widget-text-editor\" data-id=\"a7bfc73\" data-element_type=\"widget\" data-widget_type=\"text-editor.default\">\n\t\t\t\t<div class=\"elementor-widget-container\">\n\t\t\t<style>\/*! elementor - v3.15.0 - 20-08-2023 *\/\n.elementor-widget-text-editor.elementor-drop-cap-view-stacked .elementor-drop-cap{background-color:#69727d;color:#fff}.elementor-widget-text-editor.elementor-drop-cap-view-framed .elementor-drop-cap{color:#69727d;border:3px solid;background-color:transparent}.elementor-widget-text-editor:not(.elementor-drop-cap-view-default) .elementor-drop-cap{margin-top:8px}.elementor-widget-text-editor:not(.elementor-drop-cap-view-default) .elementor-drop-cap-letter{width:1em;height:1em}.elementor-widget-text-editor .elementor-drop-cap{float:left;text-align:center;line-height:1;font-size:50px}.elementor-widget-text-editor .elementor-drop-cap-letter{display:inline-block}<\/style>\t\t\t\t<!-- wp:quote -->\n<blockquote class=\"wp-block-quote\"><p>Hallo Freunde und Kunden des Ingenieurb\u00fcro Bernauer,<\/p><p>ich bin in der Gie\u00dfereibranche aktiv t\u00e4tig und daher telefonisch nicht immer sofort erreichbar. <\/p><p>Schreibt mir aber doch bitte einfach eine Mail und ich melde mich umgehend zur\u00fcck.<\/p><\/blockquote>\n<!-- \/wp:quote -->\n\n<!-- wp:paragraph -->\n<p><\/p>\n<!-- \/wp:paragraph -->\t\t\t\t\t\t<\/div>\n\t\t\t\t<\/div>\n\t\t\t\t\t<\/div>\n\t\t<\/div>\n\t\t\t\t\t\t\t<\/div>\n\t\t<\/section>\n\t\t\t\t\t\t\t<\/div>\n\t\t","protected":false},"excerpt":{"rendered":"<p>Hallo Freunde und Kunden des Ingenieurb\u00fcro Bernauer, ich bin in der Gie\u00dfereibranche aktiv t\u00e4tig und daher telefonisch nicht immer sofort erreichbar. Schreibt mir aber doch bitte einfach eine Mail und [&hellip;]<\/p>\n","protected":false},"author":1,"featured_media":0,"parent":0,"menu_order":0,"comment_status":"closed","ping_status":"open","template":"","meta":[],"yoast_head":"<!-- This site is optimized with the Yoast SEO plugin v19.13 - https:\/\/yoast.com\/wordpress\/plugins\/seo\/ -->\n<title>Willkommen auf https:\/\/ib-bernauer.de - Ingenieurb&uuml;ro Bernauer<\/title>\n<meta name=\"robots\" content=\"index, follow, max-snippet:-1, max-image-preview:large, max-video-preview:-1\" \/>\n<link rel=\"canonical\" href=\"https:\/\/ib-bernauer.de\/?page_id=4\" \/>\n<meta property=\"og:locale\" content=\"de_DE\" \/>\n<meta property=\"og:type\" content=\"article\" \/>\n<meta property=\"og:title\" content=\"Willkommen auf https:\/\/ib-bernauer.de - Ingenieurb&uuml;ro Bernauer\" \/>\n<meta property=\"og:description\" content=\"Hallo Freunde und Kunden des Ingenieurb\u00fcro Bernauer, ich bin in der Gie\u00dfereibranche aktiv t\u00e4tig und daher telefonisch nicht immer sofort erreichbar. Schreibt mir aber doch bitte einfach eine Mail und [&hellip;]\" \/>\n<meta property=\"og:url\" content=\"https:\/\/ib-bernauer.de\/?page_id=4\" \/>\n<meta property=\"og:site_name\" content=\"Ingenieurb&uuml;ro Bernauer\" \/>\n<meta property=\"article:modified_time\" content=\"2022-03-21T11:41:31+00:00\" \/>\n<meta name=\"twitter:card\" content=\"summary_large_image\" \/>\n<meta name=\"twitter:label1\" content=\"Gesch\u00e4tzte Lesezeit\" \/>\n\t<meta name=\"twitter:data1\" content=\"1\u00a0Minute\" \/>\n<script type=\"application\/ld+json\" class=\"yoast-schema-graph\">{\"@context\":\"https:\/\/schema.org\",\"@graph\":[{\"@type\":\"WebPage\",\"@id\":\"https:\/\/ib-bernauer.de\/?page_id=4\",\"url\":\"https:\/\/ib-bernauer.de\/?page_id=4\",\"name\":\"Willkommen auf https:\/\/ib-bernauer.de - Ingenieurb&uuml;ro Bernauer\",\"isPartOf\":{\"@id\":\"https:\/\/ib-bernauer.de\/#website\"},\"datePublished\":\"2021-05-12T15:03:12+00:00\",\"dateModified\":\"2022-03-21T11:41:31+00:00\",\"breadcrumb\":{\"@id\":\"https:\/\/ib-bernauer.de\/?page_id=4#breadcrumb\"},\"inLanguage\":\"de\",\"potentialAction\":[{\"@type\":\"ReadAction\",\"target\":[\"https:\/\/ib-bernauer.de\/?page_id=4\"]}]},{\"@type\":\"BreadcrumbList\",\"@id\":\"https:\/\/ib-bernauer.de\/?page_id=4#breadcrumb\",\"itemListElement\":[{\"@type\":\"ListItem\",\"position\":1,\"name\":\"Startseite\",\"item\":\"https:\/\/ib-bernauer.de\/\"},{\"@type\":\"ListItem\",\"position\":2,\"name\":\"Willkommen auf https:\/\/ib-bernauer.de\"}]},{\"@type\":\"WebSite\",\"@id\":\"https:\/\/ib-bernauer.de\/#website\",\"url\":\"https:\/\/ib-bernauer.de\/\",\"name\":\"Ingenieurb&uuml;ro Bernauer\",\"description\":\"Seit 1991 in der Kurpfalz beheimatet\",\"potentialAction\":[{\"@type\":\"SearchAction\",\"target\":{\"@type\":\"EntryPoint\",\"urlTemplate\":\"https:\/\/ib-bernauer.de\/?s={search_term_string}\"},\"query-input\":\"required name=search_term_string\"}],\"inLanguage\":\"de\"}]}<\/script>\n<!-- \/ Yoast SEO plugin. -->","yoast_head_json":{"title":"Willkommen auf https:\/\/ib-bernauer.de - Ingenieurb&uuml;ro Bernauer","robots":{"index":"index","follow":"follow","max-snippet":"max-snippet:-1","max-image-preview":"max-image-preview:large","max-video-preview":"max-video-preview:-1"},"canonical":"https:\/\/ib-bernauer.de\/?page_id=4","og_locale":"de_DE","og_type":"article","og_title":"Willkommen auf https:\/\/ib-bernauer.de - Ingenieurb&uuml;ro Bernauer","og_description":"Hallo Freunde und Kunden des Ingenieurb\u00fcro Bernauer, ich bin in der Gie\u00dfereibranche aktiv t\u00e4tig und daher telefonisch nicht immer sofort erreichbar. Schreibt mir aber doch bitte einfach eine Mail und [&hellip;]","og_url":"https:\/\/ib-bernauer.de\/?page_id=4","og_site_name":"Ingenieurb&uuml;ro Bernauer","article_modified_time":"2022-03-21T11:41:31+00:00","twitter_card":"summary_large_image","twitter_misc":{"Gesch\u00e4tzte Lesezeit":"1\u00a0Minute"},"schema":{"@context":"https:\/\/schema.org","@graph":[{"@type":"WebPage","@id":"https:\/\/ib-bernauer.de\/?page_id=4","url":"https:\/\/ib-bernauer.de\/?page_id=4","name":"Willkommen auf https:\/\/ib-bernauer.de - Ingenieurb&uuml;ro Bernauer","isPartOf":{"@id":"https:\/\/ib-bernauer.de\/#website"},"datePublished":"2021-05-12T15:03:12+00:00","dateModified":"2022-03-21T11:41:31+00:00","breadcrumb":{"@id":"https:\/\/ib-bernauer.de\/?page_id=4#breadcrumb"},"inLanguage":"de","potentialAction":[{"@type":"ReadAction","target":["https:\/\/ib-bernauer.de\/?page_id=4"]}]},{"@type":"BreadcrumbList","@id":"https:\/\/ib-bernauer.de\/?page_id=4#breadcrumb","itemListElement":[{"@type":"ListItem","position":1,"name":"Startseite","item":"https:\/\/ib-bernauer.de\/"},{"@type":"ListItem","position":2,"name":"Willkommen auf https:\/\/ib-bernauer.de"}]},{"@type":"WebSite","@id":"https:\/\/ib-bernauer.de\/#website","url":"https:\/\/ib-bernauer.de\/","name":"Ingenieurb&uuml;ro Bernauer","description":"Seit 1991 in der Kurpfalz beheimatet","potentialAction":[{"@type":"SearchAction","target":{"@type":"EntryPoint","urlTemplate":"https:\/\/ib-bernauer.de\/?s={search_term_string}"},"query-input":"required name=search_term_string"}],"inLanguage":"de"}]}},"_links":{"self":[{"href":"https:\/\/ib-bernauer.de\/index.php?rest_route=\/wp\/v2\/pages\/4"}],"collection":[{"href":"https:\/\/ib-bernauer.de\/index.php?rest_route=\/wp\/v2\/pages"}],"about":[{"href":"https:\/\/ib-bernauer.de\/index.php?rest_route=\/wp\/v2\/types\/page"}],"author":[{"embeddable":true,"href":"https:\/\/ib-bernauer.de\/index.php?rest_route=\/wp\/v2\/users\/1"}],"replies":[{"embeddable":true,"href":"https:\/\/ib-bernauer.de\/index.php?rest_route=%2Fwp%2Fv2%2Fcomments&post=4"}],"version-history":[{"count":4,"href":"https:\/\/ib-bernauer.de\/index.php?rest_route=\/wp\/v2\/pages\/4\/revisions"}],"predecessor-version":[{"id":48,"href":"https:\/\/ib-bernauer.de\/index.php?rest_route=\/wp\/v2\/pages\/4\/revisions\/48"}],"wp:attachment":[{"href":"https:\/\/ib-bernauer.de\/index.php?rest_route=%2Fwp%2Fv2%2Fmedia&parent=4"}],"curies":[{"name":"wp","href":"https:\/\/api.w.org\/{rel}","templated":true}]}}